{"id":25,"date":"2017-07-03T13:53:05","date_gmt":"2017-07-03T11:53:05","guid":{"rendered":"http:\/\/orgaprog.com\/?page_id=25"},"modified":"2018-05-08T10:45:27","modified_gmt":"2018-05-08T08:45:27","slug":"accueil","status":"publish","type":"page","link":"https:\/\/orgaprog.com\/index.php\/en\/accueil\/","title":{"rendered":"Expertise pour la pr\u00e9paration et l&#8217;organisation de courses \u00e0 obstacles"},"content":{"rendered":"<p>Vous souhaitez organiser un \u00e9v\u00e8nement de type Course \u00e0 obstacles \u00e0 l&#8217;image de La Mud Day, La Spartan Rice, La frappadingue, La 14-18\u00a0 ? Mais vous ne savez pas par o\u00f9 commencer&#8230;.<\/p>\n<p>Vous avez besoin de conseils pour cr\u00e9er ou optimiser votre \u00e9v\u00e8nement ?<\/p>\n<p>Fort de notre exp\u00e9rience d&#8217;organisateurs de la course &#8216;La 14-18&#8217; de Thiescourt dans l&#8217;Oise, nous vous proposons un service personnalis\u00e9 en fonction de votre projet et de vos besoins. Nous avons organis\u00e9 notre premi\u00e8re \u00e9dition en 2014 avec 950 coureurs pour maintenant accueillir 4200 coureurs, 700 randonneurs, et plusieurs centaines de spectateurs. Par nos retours d&#8217;exp\u00e9rience, nous avons mis en place les diff\u00e9rents services et les proc\u00e9dures n\u00e9cessaires \u00e0 la gestion d&#8217;un tel \u00e9v\u00e8nement pour lequel nous mobilisons plus de 400 b\u00e9n\u00e9voles. La course, les b\u00e9n\u00e9voles et l&#8217;organisation ont \u00e9t\u00e9 largement r\u00e9compens\u00e9es lors des troph\u00e9es des obstacles d&#8217;or en 2015, 2016 et 2017.<\/p>\n<p>2017 :\u00a0 Pas moins de 4 obstacles d&#8217;or et 2 mentions sp\u00e9ciales : Meilleur course \u00e0 obstacles \/ Meilleure exp\u00e9rience hors course \/ Course \u00e0 obstacles des lecteurs \/ Mention sp\u00e9ciale de la course la plus exigeante \/ Mention sp\u00e9ciale du meilleur obstacle \/ Obstacle des lecteurs<\/p>\n<p>2016 : Meilleure course \u00e0 obstacles Prix du public \/ Mention sp\u00e9ciale super course \u00e0 obstacles Prix du jury \/ Mention sp\u00e9ciale course \u00e0 obstacles vraiment extr\u00eame (vague bargeots) \/ Mention sp\u00e9ciale pour le syst\u00e8me de p\u00e9nalit\u00e9s mis en place<\/p>\n<p>2015 : Meilleure course \u00e0 obstacles Prix du jury \/ Dauphin Meilleure course \u00e0 obstacles Prix du public<\/p>\n<h2><\/h2>\n<p><img loading=\"lazy\" class=\"size-medium wp-image-105 aligncenter\" src=\"http:\/\/orgaprog.com\/wp-content\/uploads\/2017\/07\/logo-1418-obstacle-dor-2015-300x300.jpg\" alt=\"\" width=\"300\" height=\"300\" srcset=\"https:\/\/orgaprog.com\/wp-content\/uploads\/2017\/07\/logo-1418-obstacle-dor-2015-300x300.jpg 300w, https:\/\/orgaprog.com\/wp-content\/uploads\/2017\/07\/logo-1418-obstacle-dor-2015-150x150.jpg 150w, https:\/\/orgaprog.com\/wp-content\/uploads\/2017\/07\/logo-1418-obstacle-dor-2015-768x768.jpg 768w, https:\/\/orgaprog.com\/wp-content\/uploads\/2017\/07\/logo-1418-obstacle-dor-2015-100x100.jpg 100w, https:\/\/orgaprog.com\/wp-content\/uploads\/2017\/07\/logo-1418-obstacle-dor-2015.jpg 800w\" sizes=\"(max-width: 300px) 100vw, 300px\" \/><\/p>\n<h2><a href=\"http:\/\/www.orgatools.orgaprog.com\/login\">OrgaTools<\/a><\/h2>\n<p>Gestion de projets et organisation d\u2019\u00e9v\u00e9nementiels sportifs.<\/p>\n","protected":false},"excerpt":{"rendered":"<p>Vous souhaitez organiser un \u00e9v\u00e8nement de type Course \u00e0 obstacles \u00e0 l&#8217;image de La Mud Day, La Spartan Rice, La frappadingue, La 14-18\u00a0 ? Mais vous ne savez pas par o\u00f9 commencer&#8230;. Vous avez besoin de conseils pour cr\u00e9er ou optimiser votre \u00e9v\u00e8nement ? Fort de notre exp\u00e9rience d&#8217;organisateurs de la course &#8216;La 14-18&#8217; de &hellip; <\/p>\n<p class=\"link-more\"><a href=\"https:\/\/orgaprog.com\/index.php\/en\/accueil\/\" class=\"more-link\">Continue reading<span class=\"screen-reader-text\"> &#8220;Expertise pour la pr\u00e9paration et l&#8217;organisation de courses \u00e0 obstacles&#8221;<\/span><\/a><\/p>\n","protected":false},"author":1,"featured_media":0,"parent":0,"menu_order":0,"comment_status":"closed","ping_status":"closed","template":"","meta":[],"folder":[4],"yoast_head":"<!-- This site is optimized with the Yoast SEO plugin v17.4 - https:\/\/yoast.com\/wordpress\/plugins\/seo\/ -->\n<title>Expertise pour la pr\u00e9paration et l&#039;organisation de courses \u00e0 obstacles - OrgaProG<\/title>\n<meta name=\"robots\" content=\"index, follow, max-snippet:-1, max-image-preview:large, max-video-preview:-1\" \/>\n<link rel=\"canonical\" href=\"https:\/\/orgaprog.com\/index.php\/en\/accueil\/\" \/>\n<meta property=\"og:locale\" content=\"en_US\" \/>\n<meta property=\"og:type\" content=\"article\" \/>\n<meta property=\"og:title\" content=\"Expertise pour la pr\u00e9paration et l&#039;organisation de courses \u00e0 obstacles - OrgaProG\" \/>\n<meta property=\"og:description\" content=\"Vous souhaitez organiser un \u00e9v\u00e8nement de type Course \u00e0 obstacles \u00e0 l&#8217;image de La Mud Day, La Spartan Rice, La frappadingue, La 14-18\u00a0 ? Mais vous ne savez pas par o\u00f9 commencer&#8230;. Vous avez besoin de conseils pour cr\u00e9er ou optimiser votre \u00e9v\u00e8nement ? Fort de notre exp\u00e9rience d&#8217;organisateurs de la course &#8216;La 14-18&#8217; de &hellip; Continue reading &quot;Expertise pour la pr\u00e9paration et l&#8217;organisation de courses \u00e0 obstacles&quot;\" \/>\n<meta property=\"og:url\" content=\"https:\/\/orgaprog.com\/index.php\/en\/accueil\/\" \/>\n<meta property=\"og:site_name\" content=\"OrgaProG\" \/>\n<meta property=\"article:modified_time\" content=\"2018-05-08T08:45:27+00:00\" \/>\n<meta property=\"og:image\" content=\"http:\/\/orgaprog.com\/wp-content\/uploads\/2017\/07\/logo-1418-obstacle-dor-2015-300x300.jpg\" \/>\n<meta name=\"twitter:card\" content=\"summary_large_image\" \/>\n<meta name=\"twitter:label1\" content=\"Est. reading time\" \/>\n\t<meta name=\"twitter:data1\" content=\"1 minute\" \/>\n<script type=\"application\/ld+json\" class=\"yoast-schema-graph\">{\"@context\":\"https:\/\/schema.org\",\"@graph\":[{\"@type\":\"WebSite\",\"@id\":\"https:\/\/orgaprog.com\/#website\",\"url\":\"https:\/\/orgaprog.com\/\",\"name\":\"OrgaProG\",\"description\":\"Besoin d&#039;aide pour l&#039;organisation de votre course \\u00e0 obstacles ?\",\"potentialAction\":[{\"@type\":\"SearchAction\",\"target\":{\"@type\":\"EntryPoint\",\"urlTemplate\":\"https:\/\/orgaprog.com\/?s={search_term_string}\"},\"query-input\":\"required name=search_term_string\"}],\"inLanguage\":\"en-US\"},{\"@type\":\"ImageObject\",\"@id\":\"https:\/\/orgaprog.com\/index.php\/en\/accueil\/#primaryimage\",\"inLanguage\":\"en-US\",\"url\":\"http:\/\/orgaprog.com\/wp-content\/uploads\/2017\/07\/logo-1418-obstacle-dor-2015-300x300.jpg\",\"contentUrl\":\"http:\/\/orgaprog.com\/wp-content\/uploads\/2017\/07\/logo-1418-obstacle-dor-2015-300x300.jpg\"},{\"@type\":\"WebPage\",\"@id\":\"https:\/\/orgaprog.com\/index.php\/en\/accueil\/#webpage\",\"url\":\"https:\/\/orgaprog.com\/index.php\/en\/accueil\/\",\"name\":\"Expertise pour la pr\\u00e9paration et l'organisation de courses \\u00e0 obstacles - OrgaProG\",\"isPartOf\":{\"@id\":\"https:\/\/orgaprog.com\/#website\"},\"primaryImageOfPage\":{\"@id\":\"https:\/\/orgaprog.com\/index.php\/en\/accueil\/#primaryimage\"},\"datePublished\":\"2017-07-03T11:53:05+00:00\",\"dateModified\":\"2018-05-08T08:45:27+00:00\",\"breadcrumb\":{\"@id\":\"https:\/\/orgaprog.com\/index.php\/en\/accueil\/#breadcrumb\"},\"inLanguage\":\"en-US\",\"potentialAction\":[{\"@type\":\"ReadAction\",\"target\":[\"https:\/\/orgaprog.com\/index.php\/en\/accueil\/\"]}]},{\"@type\":\"BreadcrumbList\",\"@id\":\"https:\/\/orgaprog.com\/index.php\/en\/accueil\/#breadcrumb\",\"itemListElement\":[{\"@type\":\"ListItem\",\"position\":1,\"name\":\"Home\",\"item\":\"https:\/\/orgaprog.com\/index.php\/en\/accueil\/\"},{\"@type\":\"ListItem\",\"position\":2,\"name\":\"Expertise pour la pr\\u00e9paration et l&rsquo;organisation de courses \\u00e0 obstacles\"}]}]}<\/script>\n<!-- \/ Yoast SEO plugin. -->","yoast_head_json":{"title":"Expertise pour la pr\u00e9paration et l'organisation de courses \u00e0 obstacles - OrgaProG","robots":{"index":"index","follow":"follow","max-snippet":"max-snippet:-1","max-image-preview":"max-image-preview:large","max-video-preview":"max-video-preview:-1"},"canonical":"https:\/\/orgaprog.com\/index.php\/en\/accueil\/","og_locale":"en_US","og_type":"article","og_title":"Expertise pour la pr\u00e9paration et l'organisation de courses \u00e0 obstacles - OrgaProG","og_description":"Vous souhaitez organiser un \u00e9v\u00e8nement de type Course \u00e0 obstacles \u00e0 l&#8217;image de La Mud Day, La Spartan Rice, La frappadingue, La 14-18\u00a0 ? Mais vous ne savez pas par o\u00f9 commencer&#8230;. Vous avez besoin de conseils pour cr\u00e9er ou optimiser votre \u00e9v\u00e8nement ? Fort de notre exp\u00e9rience d&#8217;organisateurs de la course &#8216;La 14-18&#8217; de &hellip; Continue reading \"Expertise pour la pr\u00e9paration et l&#8217;organisation de courses \u00e0 obstacles\"","og_url":"https:\/\/orgaprog.com\/index.php\/en\/accueil\/","og_site_name":"OrgaProG","article_modified_time":"2018-05-08T08:45:27+00:00","og_image":[{"url":"http:\/\/orgaprog.com\/wp-content\/uploads\/2017\/07\/logo-1418-obstacle-dor-2015-300x300.jpg"}],"twitter_card":"summary_large_image","twitter_misc":{"Est. reading time":"1 minute"},"schema":{"@context":"https:\/\/schema.org","@graph":[{"@type":"WebSite","@id":"https:\/\/orgaprog.com\/#website","url":"https:\/\/orgaprog.com\/","name":"OrgaProG","description":"Besoin d&#039;aide pour l&#039;organisation de votre course \u00e0 obstacles ?","potentialAction":[{"@type":"SearchAction","target":{"@type":"EntryPoint","urlTemplate":"https:\/\/orgaprog.com\/?s={search_term_string}"},"query-input":"required name=search_term_string"}],"inLanguage":"en-US"},{"@type":"ImageObject","@id":"https:\/\/orgaprog.com\/index.php\/en\/accueil\/#primaryimage","inLanguage":"en-US","url":"http:\/\/orgaprog.com\/wp-content\/uploads\/2017\/07\/logo-1418-obstacle-dor-2015-300x300.jpg","contentUrl":"http:\/\/orgaprog.com\/wp-content\/uploads\/2017\/07\/logo-1418-obstacle-dor-2015-300x300.jpg"},{"@type":"WebPage","@id":"https:\/\/orgaprog.com\/index.php\/en\/accueil\/#webpage","url":"https:\/\/orgaprog.com\/index.php\/en\/accueil\/","name":"Expertise pour la pr\u00e9paration et l'organisation de courses \u00e0 obstacles - OrgaProG","isPartOf":{"@id":"https:\/\/orgaprog.com\/#website"},"primaryImageOfPage":{"@id":"https:\/\/orgaprog.com\/index.php\/en\/accueil\/#primaryimage"},"datePublished":"2017-07-03T11:53:05+00:00","dateModified":"2018-05-08T08:45:27+00:00","breadcrumb":{"@id":"https:\/\/orgaprog.com\/index.php\/en\/accueil\/#breadcrumb"},"inLanguage":"en-US","potentialAction":[{"@type":"ReadAction","target":["https:\/\/orgaprog.com\/index.php\/en\/accueil\/"]}]},{"@type":"BreadcrumbList","@id":"https:\/\/orgaprog.com\/index.php\/en\/accueil\/#breadcrumb","itemListElement":[{"@type":"ListItem","position":1,"name":"Home","item":"https:\/\/orgaprog.com\/index.php\/en\/accueil\/"},{"@type":"ListItem","position":2,"name":"Expertise pour la pr\u00e9paration et l&rsquo;organisation de courses \u00e0 obstacles"}]}]}},"_links":{"self":[{"href":"https:\/\/orgaprog.com\/index.php\/wp-json\/wp\/v2\/pages\/25"}],"collection":[{"href":"https:\/\/orgaprog.com\/index.php\/wp-json\/wp\/v2\/pages"}],"about":[{"href":"https:\/\/orgaprog.com\/index.php\/wp-json\/wp\/v2\/types\/page"}],"author":[{"embeddable":true,"href":"https:\/\/orgaprog.com\/index.php\/wp-json\/wp\/v2\/users\/1"}],"replies":[{"embeddable":true,"href":"https:\/\/orgaprog.com\/index.php\/wp-json\/wp\/v2\/comments?post=25"}],"version-history":[{"count":9,"href":"https:\/\/orgaprog.com\/index.php\/wp-json\/wp\/v2\/pages\/25\/revisions"}],"predecessor-version":[{"id":106,"href":"https:\/\/orgaprog.com\/index.php\/wp-json\/wp\/v2\/pages\/25\/revisions\/106"}],"wp:attachment":[{"href":"https:\/\/orgaprog.com\/index.php\/wp-json\/wp\/v2\/media?parent=25"}],"wp:term":[{"taxonomy":"folder","embeddable":true,"href":"https:\/\/orgaprog.com\/index.php\/wp-json\/wp\/v2\/folder?post=25"}],"curies":[{"name":"wp","href":"https:\/\/api.w.org\/{rel}","templated":true}]}}